{"id":2576,"date":"2017-12-22T12:43:56","date_gmt":"2017-12-22T11:43:56","guid":{"rendered":"http:\/\/iskan.gov.mr\/?page_id=2576"},"modified":"2017-12-27T10:54:09","modified_gmt":"2017-12-27T09:54:09","slug":"ordinateur-portable","status":"publish","type":"page","link":"http:\/\/iskan.gov.mr\/index.php\/ordinateur-portable\/","title":{"rendered":"Ordinateur Portable"},"content":{"rendered":"<div class=\"agenda\">\n<h1 class=\"entry-title\">une cotation pour un  mat\u00e9riel informatique  <\/h1>\n<p><a href=\"http:\/\/iskan.gov.mr\/wp-content\/uploads\/2017\/12\/Doc1.pdf\"><img style='margin-top:40px; background:#008000;padding:2px !important;border-radius:10px' src='http:\/\/iskan.gov.mr\/wp-content\/uploads\/2017\/12\/1513875406_avis_iskan-page-001.jpg' alt=\"image-ordinateur\" \/> <\/a><\/p>\n<h3>Consultez les caract\u00e9ristiques et les d\u00e9tails <a style='color:#008000;' href='http:\/\/iskan.gov.mr\/wp-content\/uploads\/2017\/12\/Caract.pdf'> ici<\/a> <\/h3>\n<\/div>\n","protected":false},"excerpt":{"rendered":"<p>une cotation pour un mat\u00e9riel informatique Consultez les caract\u00e9ristiques et les d\u00e9tails ici<\/p>\n","protected":false},"author":1,"featured_media":0,"parent":0,"menu_order":0,"comment_status":"closed","ping_status":"closed","template":"","meta":[],"_links":{"self":[{"href":"http:\/\/iskan.gov.mr\/index.php\/wp-json\/wp\/v2\/pages\/2576"}],"collection":[{"href":"http:\/\/iskan.gov.mr\/index.php\/wp-json\/wp\/v2\/pages"}],"about":[{"href":"http:\/\/iskan.gov.mr\/index.php\/wp-json\/wp\/v2\/types\/page"}],"author":[{"embeddable":true,"href":"http:\/\/iskan.gov.mr\/index.php\/wp-json\/wp\/v2\/users\/1"}],"replies":[{"embeddable":true,"href":"http:\/\/iskan.gov.mr\/index.php\/wp-json\/wp\/v2\/comments?post=2576"}],"version-history":[{"count":9,"href":"http:\/\/iskan.gov.mr\/index.php\/wp-json\/wp\/v2\/pages\/2576\/revisions"}],"predecessor-version":[{"id":2696,"href":"http:\/\/iskan.gov.mr\/index.php\/wp-json\/wp\/v2\/pages\/2576\/revisions\/2696"}],"wp:attachment":[{"href":"http:\/\/iskan.gov.mr\/index.php\/wp-json\/wp\/v2\/media?parent=2576"}],"curies":[{"name":"wp","href":"https:\/\/api.w.org\/{rel}","templated":true}]}}