{"id":2711,"date":"2017-12-30T19:14:51","date_gmt":"2017-12-30T18:14:51","guid":{"rendered":"http:\/\/iskan.gov.mr\/?page_id=2711"},"modified":"2017-12-30T19:32:51","modified_gmt":"2017-12-30T18:32:51","slug":"nettoyagebornage-et-balisage-a-nbeika","status":"publish","type":"page","link":"http:\/\/iskan.gov.mr\/index.php\/nettoyagebornage-et-balisage-a-nbeika\/","title":{"rendered":"Travaux  dans la ville de  N&rsquo;beika"},"content":{"rendered":"<div class=\"agenda\">\n<h1 class=\"entry-title\">une cotation pour nettoyage,bornage et balisage dans la ville de N&rsquo;beika<\/h1>\n<p><a href=\"http:\/\/iskan.gov.mr\/wp-content\/uploads\/2017\/12\/Avis_Travaux_nbeika.pdf\"><img decoding=\"async\" style=\"margin-top: 40px; background: #008000; padding: 2px !important; border-radius: 10px;\" src=\"http:\/\/iskan.gov.mr\/wp-content\/uploads\/2017\/12\/Avis_Travaux_nbeika.jpg\" alt=\"image1\" \/> <\/a><\/p>\n<h3>Vous trouvez ci-joint les compl\u00e9ments de l&rsquo;avis<\/h3>\n<ul class='b'>\n<li><a href=\"http:\/\/iskan.gov.mr\/wp-content\/uploads\/2017\/12\/Term_1.pdf\">terme de r\u00e9f\u00e9rence <\/a><\/li>\n<li><a href=\"http:\/\/iskan.gov.mr\/wp-content\/uploads\/2017\/12\/Term_2.pdf\">devis quantitatif et estimatif <\/a><\/li>\n<\/ul>\n<\/div>\n","protected":false},"excerpt":{"rendered":"<p>une cotation pour nettoyage,bornage et balisage dans la ville de N&rsquo;beika Vous trouvez ci-joint les compl\u00e9ments de l&rsquo;avis terme de r\u00e9f\u00e9rence devis quantitatif et estimatif<\/p>\n","protected":false},"author":1,"featured_media":0,"parent":0,"menu_order":0,"comment_status":"closed","ping_status":"closed","template":"","meta":[],"_links":{"self":[{"href":"http:\/\/iskan.gov.mr\/index.php\/wp-json\/wp\/v2\/pages\/2711"}],"collection":[{"href":"http:\/\/iskan.gov.mr\/index.php\/wp-json\/wp\/v2\/pages"}],"about":[{"href":"http:\/\/iskan.gov.mr\/index.php\/wp-json\/wp\/v2\/types\/page"}],"author":[{"embeddable":true,"href":"http:\/\/iskan.gov.mr\/index.php\/wp-json\/wp\/v2\/users\/1"}],"replies":[{"embeddable":true,"href":"http:\/\/iskan.gov.mr\/index.php\/wp-json\/wp\/v2\/comments?post=2711"}],"version-history":[{"count":7,"href":"http:\/\/iskan.gov.mr\/index.php\/wp-json\/wp\/v2\/pages\/2711\/revisions"}],"predecessor-version":[{"id":2719,"href":"http:\/\/iskan.gov.mr\/index.php\/wp-json\/wp\/v2\/pages\/2711\/revisions\/2719"}],"wp:attachment":[{"href":"http:\/\/iskan.gov.mr\/index.php\/wp-json\/wp\/v2\/media?parent=2711"}],"curies":[{"name":"wp","href":"https:\/\/api.w.org\/{rel}","templated":true}]}}