{"id":2738,"date":"2018-01-04T12:35:54","date_gmt":"2018-01-04T11:35:54","guid":{"rendered":"http:\/\/iskan.gov.mr\/?page_id=2738"},"modified":"2018-01-04T17:55:27","modified_gmt":"2018-01-04T16:55:27","slug":"fournitures-necessaires-a-lalimentation-du-hangar-du-center-commercia","status":"publish","type":"page","link":"http:\/\/iskan.gov.mr\/index.php\/fournitures-necessaires-a-lalimentation-du-hangar-du-center-commercia\/","title":{"rendered":"alimentation du hangar du center commercial"},"content":{"rendered":"<div class=\"agenda\">\n<h1 class=\"entry-title\">une cotation pour l&rsquo;acquisition des \u00e9quipements et fournitures n\u00e9cessaires \u00e0 l&rsquo;alimentation du hangar du center commercial dit \u00ab\u00a0March\u00e9 SOCOGIM\u00a0\u00bb et l&rsquo;\u00e9clairage public des zones limitrophes en \u00e9nergie solaire <\/h1>\n<p><a href=\"http:\/\/iskan.gov.mr\/wp-content\/uploads\/2018\/01\/Avis022018.pdf\"><img style='margin-top:40px; background:#008000;padding:2px !important;border-radius:10px' src='http:\/\/iskan.gov.mr\/wp-content\/uploads\/2018\/01\/Avis022018.jpg' alt=\"image1\" \/> <\/a><\/p>\n<h3>voire les d\u00e9tails <a href='http:\/\/iskan.gov.mr\/wp-content\/uploads\/2018\/01\/DEVIS022018.pdf'>ici <\/a> <\/h3>\n<\/div>\n","protected":false},"excerpt":{"rendered":"<p>une cotation pour l&rsquo;acquisition des \u00e9quipements et fournitures n\u00e9cessaires \u00e0 l&rsquo;alimentation du hangar du center commercial dit \u00ab\u00a0March\u00e9 SOCOGIM\u00a0\u00bb et l&rsquo;\u00e9clairage public des zones limitrophes en \u00e9nergie solaire voire les d\u00e9tails ici<\/p>\n","protected":false},"author":1,"featured_media":0,"parent":0,"menu_order":0,"comment_status":"closed","ping_status":"closed","template":"","meta":[],"_links":{"self":[{"href":"http:\/\/iskan.gov.mr\/index.php\/wp-json\/wp\/v2\/pages\/2738"}],"collection":[{"href":"http:\/\/iskan.gov.mr\/index.php\/wp-json\/wp\/v2\/pages"}],"about":[{"href":"http:\/\/iskan.gov.mr\/index.php\/wp-json\/wp\/v2\/types\/page"}],"author":[{"embeddable":true,"href":"http:\/\/iskan.gov.mr\/index.php\/wp-json\/wp\/v2\/users\/1"}],"replies":[{"embeddable":true,"href":"http:\/\/iskan.gov.mr\/index.php\/wp-json\/wp\/v2\/comments?post=2738"}],"version-history":[{"count":6,"href":"http:\/\/iskan.gov.mr\/index.php\/wp-json\/wp\/v2\/pages\/2738\/revisions"}],"predecessor-version":[{"id":2745,"href":"http:\/\/iskan.gov.mr\/index.php\/wp-json\/wp\/v2\/pages\/2738\/revisions\/2745"}],"wp:attachment":[{"href":"http:\/\/iskan.gov.mr\/index.php\/wp-json\/wp\/v2\/media?parent=2738"}],"curies":[{"name":"wp","href":"https:\/\/api.w.org\/{rel}","templated":true}]}}