{"id":2749,"date":"2018-02-27T16:59:31","date_gmt":"2018-02-27T15:59:31","guid":{"rendered":"http:\/\/iskan.gov.mr\/?page_id=2749"},"modified":"2018-03-02T17:24:51","modified_gmt":"2018-03-02T16:24:51","slug":"travaux-de-construction-au-niveau-de-lecole-primaire-de-nbeika","status":"publish","type":"page","link":"http:\/\/iskan.gov.mr\/index.php\/travaux-de-construction-au-niveau-de-lecole-primaire-de-nbeika\/","title":{"rendered":"Travaux de Construction au Niveau de l&rsquo;Ecole Primaire de N&rsquo;beika"},"content":{"rendered":"<div class=\"agenda\">\n<h1 class=\"entry-title\">Travaux de construction, fourniture et pose de grilles m\u00e9talliques de protection des v\u00e9randas \u00e9tage en tube en acier carr\u00e9 30 mm noir \u00e9cartement 15cm entr tubes dans le sens vertical au niveau de l\u2019Ecole Primaire de N\u2019beika,  Moughataa de Moudj\u00e9ria, Wilaya du Tagant, pour un d\u00e9lai d\u2019ex\u00e9cution de 15 jours  <\/h1>\n<p><a href=\"http:\/\/iskan.gov.mr\/wp-content\/uploads\/2018\/02\/AVIS.pdf\"><img style='margin-top:40px; background:#008000;padding:2px !important;border-radius:10px' src='http:\/\/iskan.gov.mr\/wp-content\/uploads\/2018\/02\/AVIS.jpg' alt=\"image1\" \/> <\/a><\/p>\n<blockquote style='color:#000 !important'><p>Voire les documents joints suivants: <\/p><\/blockquote>\n<ul>\n<li> <a href='http:\/\/iskan.gov.mr\/wp-content\/uploads\/2018\/02\/DDQE.pdf'>DDQE <\/a> <\/li>\n<li><a href='http:\/\/iskan.gov.mr\/wp-content\/uploads\/2018\/02\/SOUMISSION.pdf'>Soumission  <\/a> <\/li>\n<li> <a href='http:\/\/iskan.gov.mr\/wp-content\/uploads\/2018\/02\/LETTRE-DE-CONTRAT.pdf'>Lettre de Contrat <\/a> <\/li>\n<li> <a href='http:\/\/iskan.gov.mr\/wp-content\/uploads\/2018\/03\/arc.pdf'>Le Plan <\/a> <\/li>\n<\/ul>\n<\/div>\n","protected":false},"excerpt":{"rendered":"<p>Travaux de construction, fourniture et pose de grilles m\u00e9talliques de protection des v\u00e9randas \u00e9tage en tube en acier carr\u00e9 30 mm noir \u00e9cartement 15cm entr tubes dans le sens vertical au niveau de l\u2019Ecole Primaire de N\u2019beika, Moughataa de Moudj\u00e9ria, Wilaya du Tagant, pour un d\u00e9lai d\u2019ex\u00e9cution de 15 jours Voire les documents joints suivants: &hellip; <\/p>\n<p class=\"link-more\"><a href=\"http:\/\/iskan.gov.mr\/index.php\/travaux-de-construction-au-niveau-de-lecole-primaire-de-nbeika\/\" class=\"more-link\">Continuer la lecture<span class=\"screen-reader-text\"> de &laquo;&nbsp;Travaux de Construction au Niveau de l&rsquo;Ecole Primaire de N&rsquo;beika&nbsp;&raquo;<\/span><\/a><\/p>\n","protected":false},"author":1,"featured_media":0,"parent":0,"menu_order":0,"comment_status":"closed","ping_status":"closed","template":"","meta":[],"_links":{"self":[{"href":"http:\/\/iskan.gov.mr\/index.php\/wp-json\/wp\/v2\/pages\/2749"}],"collection":[{"href":"http:\/\/iskan.gov.mr\/index.php\/wp-json\/wp\/v2\/pages"}],"about":[{"href":"http:\/\/iskan.gov.mr\/index.php\/wp-json\/wp\/v2\/types\/page"}],"author":[{"embeddable":true,"href":"http:\/\/iskan.gov.mr\/index.php\/wp-json\/wp\/v2\/users\/1"}],"replies":[{"embeddable":true,"href":"http:\/\/iskan.gov.mr\/index.php\/wp-json\/wp\/v2\/comments?post=2749"}],"version-history":[{"count":14,"href":"http:\/\/iskan.gov.mr\/index.php\/wp-json\/wp\/v2\/pages\/2749\/revisions"}],"predecessor-version":[{"id":2771,"href":"http:\/\/iskan.gov.mr\/index.php\/wp-json\/wp\/v2\/pages\/2749\/revisions\/2771"}],"wp:attachment":[{"href":"http:\/\/iskan.gov.mr\/index.php\/wp-json\/wp\/v2\/media?parent=2749"}],"curies":[{"name":"wp","href":"https:\/\/api.w.org\/{rel}","templated":true}]}}