{"id":2873,"date":"2018-07-19T20:24:13","date_gmt":"2018-07-19T18:24:13","guid":{"rendered":"http:\/\/iskan.gov.mr\/?page_id=2873"},"modified":"2018-07-25T19:13:06","modified_gmt":"2018-07-25T17:13:06","slug":"delimitation-de-la-zone-de-recasement-de-la-ville-de-selibaby","status":"publish","type":"page","link":"http:\/\/iskan.gov.mr\/index.php\/delimitation-de-la-zone-de-recasement-de-la-ville-de-selibaby\/","title":{"rendered":"D\u00e9limitation de la zone de recasement dans la ville de S\u00e9libaby"},"content":{"rendered":"<div class=\"agenda\">\n<h1 class=\"entry-title\"> D\u00e9limitation de la zone de recasement dans  la ville de S\u00e9libaby   <\/h1>\n<p><a href=\"http:\/\/iskan.gov.mr\/wp-content\/uploads\/2018\/07\/avis-delimitation-de-zone-selibababy.pdf\"><br \/>\n<img decoding=\"async\" style='margin-top:40px; background:#008000;padding:2px !important;border-radius:10px'  src=\"http:\/\/iskan.gov.mr\/wp-content\/uploads\/2018\/07\/avis-delimitation-de-zone-selibababy.jpg\" alt=\"avis de cotation\" \/><br \/>\n<\/a><br \/>\n<b>Details<\/b><\/p>\n<ul>\n<li><a href=\"http:\/\/iskan.gov.mr\/wp-content\/uploads\/2018\/07\/plan-selibaby.pdf\">coordonn\u00e9es limite zone d&rsquo;extention selibaby<\/a> <\/li>\n<li><a href=\"http:\/\/iskan.gov.mr\/wp-content\/uploads\/2018\/07\/DDQE-corr.pdf\">DDQE<\/a><\/li>\n<li><a href=\"http:\/\/iskan.gov.mr\/wp-content\/uploads\/2018\/07\/complement-selibaby2.pdf\">Compl\u00e9ment <\/a><\/li>\n<\/ul>\n<\/div>\n","protected":false},"excerpt":{"rendered":"<p>D\u00e9limitation de la zone de recasement dans la ville de S\u00e9libaby Details coordonn\u00e9es limite zone d&rsquo;extention selibaby DDQE Compl\u00e9ment<\/p>\n","protected":false},"author":1,"featured_media":0,"parent":0,"menu_order":0,"comment_status":"closed","ping_status":"closed","template":"","meta":[],"_links":{"self":[{"href":"http:\/\/iskan.gov.mr\/index.php\/wp-json\/wp\/v2\/pages\/2873"}],"collection":[{"href":"http:\/\/iskan.gov.mr\/index.php\/wp-json\/wp\/v2\/pages"}],"about":[{"href":"http:\/\/iskan.gov.mr\/index.php\/wp-json\/wp\/v2\/types\/page"}],"author":[{"embeddable":true,"href":"http:\/\/iskan.gov.mr\/index.php\/wp-json\/wp\/v2\/users\/1"}],"replies":[{"embeddable":true,"href":"http:\/\/iskan.gov.mr\/index.php\/wp-json\/wp\/v2\/comments?post=2873"}],"version-history":[{"count":7,"href":"http:\/\/iskan.gov.mr\/index.php\/wp-json\/wp\/v2\/pages\/2873\/revisions"}],"predecessor-version":[{"id":2892,"href":"http:\/\/iskan.gov.mr\/index.php\/wp-json\/wp\/v2\/pages\/2873\/revisions\/2892"}],"wp:attachment":[{"href":"http:\/\/iskan.gov.mr\/index.php\/wp-json\/wp\/v2\/media?parent=2873"}],"curies":[{"name":"wp","href":"https:\/\/api.w.org\/{rel}","templated":true}]}}