{"id":2897,"date":"2018-09-26T19:15:35","date_gmt":"2018-09-26T17:15:35","guid":{"rendered":"http:\/\/iskan.gov.mr\/?page_id=2897"},"modified":"2018-09-26T19:17:35","modified_gmt":"2018-09-26T17:17:35","slug":"une-cotation-pour-lacquisition-de-materiels-de-bureau","status":"publish","type":"page","link":"http:\/\/iskan.gov.mr\/index.php\/une-cotation-pour-lacquisition-de-materiels-de-bureau\/","title":{"rendered":"une cotation pour l\u2019acquisition de mat\u00e9riels de bureau"},"content":{"rendered":"<div class=\"agenda\">\n<h1 class=\"entry-title\">une cotation pour l\u2019acquisition de mat\u00e9riels de bureau suivant les d\u00e9tails et caract\u00e9ristiques si apr\u00e8s <\/h1>\n<p><a href=\"http:\/\/iskan.gov.mr\/wp-content\/uploads\/2018\/09\/materiels_Bureau.pdf\"><img decoding=\"async\" style='margin-top:40px; background:#008000;padding:2px !important;border-radius:10px' src=\"http:\/\/iskan.gov.mr\/wp-content\/uploads\/2018\/09\/mat\u00e9riels_bureau.jpg\" alt=\"image1\" \/> <\/a><\/p>\n<\/div>\n","protected":false},"excerpt":{"rendered":"<p>une cotation pour l\u2019acquisition de mat\u00e9riels de bureau suivant les d\u00e9tails et caract\u00e9ristiques si apr\u00e8s<\/p>\n","protected":false},"author":1,"featured_media":0,"parent":0,"menu_order":0,"comment_status":"closed","ping_status":"closed","template":"","meta":[],"_links":{"self":[{"href":"http:\/\/iskan.gov.mr\/index.php\/wp-json\/wp\/v2\/pages\/2897"}],"collection":[{"href":"http:\/\/iskan.gov.mr\/index.php\/wp-json\/wp\/v2\/pages"}],"about":[{"href":"http:\/\/iskan.gov.mr\/index.php\/wp-json\/wp\/v2\/types\/page"}],"author":[{"embeddable":true,"href":"http:\/\/iskan.gov.mr\/index.php\/wp-json\/wp\/v2\/users\/1"}],"replies":[{"embeddable":true,"href":"http:\/\/iskan.gov.mr\/index.php\/wp-json\/wp\/v2\/comments?post=2897"}],"version-history":[{"count":3,"href":"http:\/\/iskan.gov.mr\/index.php\/wp-json\/wp\/v2\/pages\/2897\/revisions"}],"predecessor-version":[{"id":2900,"href":"http:\/\/iskan.gov.mr\/index.php\/wp-json\/wp\/v2\/pages\/2897\/revisions\/2900"}],"wp:attachment":[{"href":"http:\/\/iskan.gov.mr\/index.php\/wp-json\/wp\/v2\/media?parent=2897"}],"curies":[{"name":"wp","href":"https:\/\/api.w.org\/{rel}","templated":true}]}}