{"id":3150,"date":"2020-07-26T18:08:09","date_gmt":"2020-07-26T16:08:09","guid":{"rendered":"http:\/\/iskan.gov.mr\/?page_id=3150"},"modified":"2020-07-27T18:18:02","modified_gmt":"2020-07-27T16:18:02","slug":"construction-et-implantation-de-1800-bornes-dans-lextension-de-zone-de-recasement-de-la-ville-de-selibaby","status":"publish","type":"page","link":"http:\/\/iskan.gov.mr\/index.php\/construction-et-implantation-de-1800-bornes-dans-lextension-de-zone-de-recasement-de-la-ville-de-selibaby\/","title":{"rendered":"Construction et Implantation de 1800 Bornes dans l\u2019extension de Zone de Recasement de la Ville de Selibaby"},"content":{"rendered":"\n<a href=\"http:\/\/iskan.gov.mr\/wp-content\/uploads\/2020\/07\/demande-cotataion-24-07-2020-SELIBABY.docx\"><img decoding=\"async\" src=\"http:\/\/iskan.gov.mr\/wp-content\/uploads\/2020\/07\/cot-image.png\" \/> <\/a>\n\nles documents joints \u00e0 t\u00e9l\u00e9charger:\n<ul style=\"margin-left:20px\">\n       <li><a href=\"http:\/\/iskan.gov.mr\/wp-content\/uploads\/2020\/07\/cot1-1.doc\" style=\"font-weight:bold\">DQE<\/a> <\/li>\n              <li><a href=\"http:\/\/iskan.gov.mr\/wp-content\/uploads\/2020\/07\/BORNE-MODELE-ISKAN-1.pdf\" style=\"font-weight:bold\">Donn\u00e9es techniques<\/a><\/li>\n<\/ul>\n\n\n\n<p><strong>&nbsp;&nbsp;&nbsp;&nbsp;&nbsp;&nbsp;&nbsp;&nbsp;&nbsp;&nbsp;&nbsp;&nbsp;&nbsp;&nbsp;&nbsp;&nbsp;&nbsp;&nbsp;&nbsp;&nbsp;&nbsp;&nbsp;&nbsp;&nbsp;&nbsp;&nbsp;&nbsp;&nbsp;&nbsp;&nbsp;&nbsp;&nbsp;&nbsp;&nbsp;&nbsp;&nbsp;&nbsp;&nbsp;&nbsp;&nbsp;&nbsp;&nbsp;&nbsp;&nbsp;&nbsp;&nbsp;&nbsp;&nbsp;&nbsp;&nbsp;&nbsp;&nbsp;&nbsp;&nbsp;&nbsp;&nbsp;&nbsp;&nbsp;&nbsp;&nbsp;&nbsp;&nbsp;&nbsp;&nbsp;&nbsp;&nbsp;&nbsp;&nbsp;&nbsp;&nbsp;&nbsp;&nbsp;&nbsp;&nbsp;&nbsp;&nbsp;&nbsp;&nbsp;&nbsp;&nbsp;&nbsp;&nbsp;&nbsp;&nbsp;&nbsp;&nbsp;&nbsp;&nbsp;&nbsp;&nbsp;<\/strong><\/p>\n\n\n\n<p><\/p>\n\n\n\n<p><\/p>\n\n\n\n<p><\/p>\n","protected":false},"excerpt":{"rendered":"<p>les documents joints \u00e0 t\u00e9l\u00e9charger: DQE Donn\u00e9es techniques &nbsp;&nbsp;&nbsp;&nbsp;&nbsp;&nbsp;&nbsp;&nbsp;&nbsp;&nbsp;&nbsp;&nbsp;&nbsp;&nbsp;&nbsp;&nbsp;&nbsp;&nbsp;&nbsp;&nbsp;&nbsp;&nbsp;&nbsp;&nbsp;&nbsp;&nbsp;&nbsp;&nbsp;&nbsp;&nbsp;&nbsp;&nbsp;&nbsp;&nbsp;&nbsp;&nbsp;&nbsp;&nbsp;&nbsp;&nbsp;&nbsp;&nbsp;&nbsp;&nbsp;&nbsp;&nbsp;&nbsp;&nbsp;&nbsp;&nbsp;&nbsp;&nbsp;&nbsp;&nbsp;&nbsp;&nbsp;&nbsp;&nbsp;&nbsp;&nbsp;&nbsp;&nbsp;&nbsp;&nbsp;&nbsp;&nbsp;&nbsp;&nbsp;&nbsp;&nbsp;&nbsp;&nbsp;&nbsp;&nbsp;&nbsp;&nbsp;&nbsp;&nbsp;&nbsp;&nbsp;&nbsp;&nbsp;&nbsp;&nbsp;&nbsp;&nbsp;&nbsp;&nbsp;&nbsp;&nbsp;<\/p>\n","protected":false},"author":1,"featured_media":0,"parent":0,"menu_order":0,"comment_status":"closed","ping_status":"closed","template":"","meta":[],"_links":{"self":[{"href":"http:\/\/iskan.gov.mr\/index.php\/wp-json\/wp\/v2\/pages\/3150"}],"collection":[{"href":"http:\/\/iskan.gov.mr\/index.php\/wp-json\/wp\/v2\/pages"}],"about":[{"href":"http:\/\/iskan.gov.mr\/index.php\/wp-json\/wp\/v2\/types\/page"}],"author":[{"embeddable":true,"href":"http:\/\/iskan.gov.mr\/index.php\/wp-json\/wp\/v2\/users\/1"}],"replies":[{"embeddable":true,"href":"http:\/\/iskan.gov.mr\/index.php\/wp-json\/wp\/v2\/comments?post=3150"}],"version-history":[{"count":16,"href":"http:\/\/iskan.gov.mr\/index.php\/wp-json\/wp\/v2\/pages\/3150\/revisions"}],"predecessor-version":[{"id":3176,"href":"http:\/\/iskan.gov.mr\/index.php\/wp-json\/wp\/v2\/pages\/3150\/revisions\/3176"}],"wp:attachment":[{"href":"http:\/\/iskan.gov.mr\/index.php\/wp-json\/wp\/v2\/media?parent=3150"}],"curies":[{"name":"wp","href":"https:\/\/api.w.org\/{rel}","templated":true}]}}