{"id":3228,"date":"2020-09-29T21:10:57","date_gmt":"2020-09-29T19:10:57","guid":{"rendered":"http:\/\/iskan.gov.mr\/?page_id=3228"},"modified":"2020-09-29T22:03:43","modified_gmt":"2020-09-29T20:03:43","slug":"demande-de-cotation-pour-lelargissement-de-49-voies-dans-la-ville-de-selibaby","status":"publish","type":"page","link":"http:\/\/iskan.gov.mr\/index.php\/demande-de-cotation-pour-lelargissement-de-49-voies-dans-la-ville-de-selibaby\/","title":{"rendered":"Cotation pour  l&rsquo;\u00e9largissement de 49 voies dans la ville de Selibaby"},"content":{"rendered":"\n<p>Dans le cadre de l\u2019am\u00e9lioration de l\u2019environnement urbain de la ville de S\u00e9libaby engag\u00e9e par la Soci\u00e9t\u00e9 Nationale ISKAN en vertu de la convention du 14 novembre 2019, la Soci\u00e9t\u00e9 Nationale ISKAN lance la pr\u00e9sente cotation<\/p>\n\n\n\n<p><b>1-AVIS \u00e0 T\u00e9l\u00e9charger <\/b><a href=\"http:\/\/iskan.gov.mr\/wp-content\/uploads\/2020\/09\/avis29092020.pdf\"><img decoding=\"async\" loading=\"lazy\" width=\"1275\" height=\"1757\" src=\"http:\/\/iskan.gov.mr\/wp-content\/uploads\/2020\/09\/avis29092020_imageC.jpg\" style=\"max-height: 750px !important\" class=\"wp-image-3214\" srcset=\"http:\/\/iskan.gov.mr\/wp-content\/uploads\/2020\/09\/avis29092020_imageC.jpg 1275w, http:\/\/iskan.gov.mr\/wp-content\/uploads\/2020\/09\/avis29092020_imageC-218x300.jpg 218w, http:\/\/iskan.gov.mr\/wp-content\/uploads\/2020\/09\/avis29092020_imageC-743x1024.jpg 743w, http:\/\/iskan.gov.mr\/wp-content\/uploads\/2020\/09\/avis29092020_imageC-768x1058.jpg 768w, http:\/\/iskan.gov.mr\/wp-content\/uploads\/2020\/09\/avis29092020_imageC-1115x1536.jpg 1115w\" sizes=\"(max-width: 767px) 89vw, (max-width: 1000px) 54vw, (max-width: 1071px) 543px, 580px\" \/><\/a><p>\n\n\n\n<p><b><a href=\"http:\/\/iskan.gov.mr\/wp-content\/uploads\/2020\/09\/TRAVAUX-DOUVERTURE-DE-LA-VOIERIE-A-SELIBABI.xls\">2-DQE d\u00e9taill\u00e9e<\/a><\/b><\/p>\n\n\n\n<p><b><a href=\"http:\/\/iskan.gov.mr\/wp-content\/uploads\/2020\/09\/DQE.doc\">3-DQE global<\/a><\/b><\/p>\n","protected":false},"excerpt":{"rendered":"<p>Dans le cadre de l\u2019am\u00e9lioration de l\u2019environnement urbain de la ville de S\u00e9libaby engag\u00e9e par la Soci\u00e9t\u00e9 Nationale ISKAN en vertu de la convention du 14 novembre 2019, la Soci\u00e9t\u00e9 Nationale ISKAN lance la pr\u00e9sente cotation 1-AVIS \u00e0 T\u00e9l\u00e9charger 2-DQE d\u00e9taill\u00e9e 3-DQE global<\/p>\n","protected":false},"author":1,"featured_media":0,"parent":0,"menu_order":0,"comment_status":"closed","ping_status":"closed","template":"","meta":[],"_links":{"self":[{"href":"http:\/\/iskan.gov.mr\/index.php\/wp-json\/wp\/v2\/pages\/3228"}],"collection":[{"href":"http:\/\/iskan.gov.mr\/index.php\/wp-json\/wp\/v2\/pages"}],"about":[{"href":"http:\/\/iskan.gov.mr\/index.php\/wp-json\/wp\/v2\/types\/page"}],"author":[{"embeddable":true,"href":"http:\/\/iskan.gov.mr\/index.php\/wp-json\/wp\/v2\/users\/1"}],"replies":[{"embeddable":true,"href":"http:\/\/iskan.gov.mr\/index.php\/wp-json\/wp\/v2\/comments?post=3228"}],"version-history":[{"count":14,"href":"http:\/\/iskan.gov.mr\/index.php\/wp-json\/wp\/v2\/pages\/3228\/revisions"}],"predecessor-version":[{"id":3253,"href":"http:\/\/iskan.gov.mr\/index.php\/wp-json\/wp\/v2\/pages\/3228\/revisions\/3253"}],"wp:attachment":[{"href":"http:\/\/iskan.gov.mr\/index.php\/wp-json\/wp\/v2\/media?parent=3228"}],"curies":[{"name":"wp","href":"https:\/\/api.w.org\/{rel}","templated":true}]}}