{"id":541,"date":"2017-01-24T17:37:39","date_gmt":"2017-01-24T16:37:39","guid":{"rendered":"http:\/\/localhost\/wordpress\/?page_id=541"},"modified":"2017-12-23T18:16:41","modified_gmt":"2017-12-23T17:16:41","slug":"realises","status":"publish","type":"page","link":"http:\/\/iskan.gov.mr\/index.php\/realises\/","title":{"rendered":"Projets Realis\u00e9s"},"content":{"rendered":"<div class=\"agenda\">\nLe Minist\u00e8re de l\u2019Habitat de l\u2019Urbanisme et de l\u2019Am\u00e9nagement du Territoire, dans le cadre des conventions de ma\u00eetrise d\u2019ouvrage d\u00e9l\u00e9gu\u00e9e, a confi\u00e9 des projets de restructuration et de modernisation des villes \u00e0 ISKAN:<\/p>\n<blockquote><p>Programme de restructuration des quartiers pr\u00e9caires de Nouadhibou<\/p><\/blockquote>\n<p>Les op\u00e9rations d\u2019installation et r\u00e9installation des habitants des quartiers pr\u00e9caires et poches d\u2019occupation ill\u00e9gale sont achev\u00e9es.  3700 m\u00e9nages ont \u00e9t\u00e9 relog\u00e9s dans la zone de recasement et 1200 in situ dans les quartiers Dragage et Baghdad 3. Environ 4900 familles ont eu gratuitement acc\u00e8s \u00e0 la propri\u00e9t\u00e9 avec la disparation totale des Gazra \u00e0 Nouadhibou.<\/p>\n<p>Des  \u00e9quipements collectifs et services de base n\u00e9cessaires ont \u00e9t\u00e9 mis en place dans ces zones d\u2019installation pour am\u00e9liorer le cadre de vie des populations :<br \/>\n-r\u00e9alisation des r\u00e9seaux d\u2019alimentation en eau potable et \u00e9lectricit\u00e9, &#8211; construction de 3 \u00e9coles fondamentales, 2 centres de sant\u00e9 et 19 bornes fontaines<br \/>\nEn outre, des espaces pour des am\u00e9nagements publics ont \u00e9t\u00e9 lib\u00e9r\u00e9s (un stade olympique, une galerie marchande et un complexe touristique sont notamment pr\u00e9vus au quartier phase 1\t<\/p>\n<blockquote><p>Projet d\u2019extension et modernisation de la ville de Rosso <\/p><\/blockquote>\n<p>En vue de trouver des solutions aux inondations que connait la ville en p\u00e9riode d\u2019hivernage et favoriser l\u2019extension et le d\u00e9veloppement de la  ville, 900 hectares ont \u00e9t\u00e9 am\u00e9nag\u00e9s au PK7.<br \/>\nLe projet porte sur l\u2019am\u00e9nagement et la viabilisation de la zone gr\u00e2ce \u00e0 l\u2019installation des r\u00e9seaux d\u2019eau, d\u2019\u00e9lectricit\u00e9 et de routes modernes ainsi que la construction des \u00e9quipements collectifs (b\u00e2timents administratifs et des services publics, sanitaires, \u00e9ducatifs et commerciaux).<br \/>\nCe projet permettra d\u2019obtenir 11000 lots destin\u00e9s \u00e0 l\u2019habitation. Egalement, en plus de la restructuration du Demeldek, toutes les poches de garzas et d\u2019habitat pr\u00e9caires ont \u00e9t\u00e9 d\u00e9gag\u00e9es et leurs populations ont \u00e9t\u00e9 r\u00e9install\u00e9es dans la zone du projet.<br \/>\nPlus de 1000 m\u00e9nages ont \u00e9t\u00e9 d\u00e9j\u00e0 r\u00e9install\u00e9 dans la zone et ont b\u00e9n\u00e9fici\u00e9 gratuitement des terrains<\/p>\n<blockquote><p>Projet  d&rsquo;extension et modernisation de la ville de Ka\u00e9di<\/p><\/blockquote>\n<p>La phase prioritaire de ce projet consiste en l\u2019am\u00e9nagement et la viabilisation d\u2019une zone de 227 ha<br \/>\ndestin\u00e9e \u00e0 abriter 2500 m\u00e9nages ainsi que la restructuration du quartier Tenzah et le D\u00e9m\u00e9nagement de centaines de familles \u00e9manant des quartiers inondables de Dar Selam,Wendame et Kebbe vers la zone de recasement.<\/p>\n<p>Ces op\u00e9rations, permettront \u00e0 terme aux populations cibl\u00e9es de vivre dans une zone non-inondable, am\u00e9nag\u00e9e, viabilis\u00e9e et dot\u00e9e des \u00e9quipements socio-\u00e9conomiques.<br \/>\nL\u2019op\u00e9ration de r\u00e9installation a effectivement d\u00e9j\u00e0 commenc\u00e9 par le recasement de 310 familles victimes des inondations de 2010.<\/p>\n<blockquote><p>Projet  de construction de la nouvelle  ville de Chami<\/p><\/blockquote>\n<p>Ce projet consiste en l\u2019am\u00e9nagement et la viabilisation de la nouvelle ville de Chami cr\u00e9\u00e9e en 2011 et dont le plan de lotissement a \u00e9t\u00e9 approuv\u00e9 par le Conseil des Ministres en Juin 2011.<br \/>\n\t\t\t\t\t La premi\u00e8re phase du projet concerne l\u2019am\u00e9nagement de la zone, la r\u00e9alisation des VRD (construction d\u2019une voirie, r\u00e9alisation des r\u00e9seaux d\u2019eau et d\u2019\u00e9lectrification) ainsi que la construction de divers \u00e9quipements collectifs (Ecoles, centre de sant\u00e9, March\u00e9 central, Maison des jeunes, locaux et bureaux administration et s\u00e9curit\u00e9, etc.).<br \/>\n\t\t\t\t\t Parall\u00e8lement \u00e0 ce projet, ISKAN envisage, sur fonds propres, la construction d\u2019une cit\u00e9 de 50 logements \u00e0 Chami.<\/p>\n<\/div>\n","protected":false},"excerpt":{"rendered":"<p>Le Minist\u00e8re de l\u2019Habitat de l\u2019Urbanisme et de l\u2019Am\u00e9nagement du Territoire, dans le cadre des conventions de ma\u00eetrise d\u2019ouvrage d\u00e9l\u00e9gu\u00e9e, a confi\u00e9 des projets de restructuration et de modernisation des villes \u00e0 ISKAN: Programme de restructuration des quartiers pr\u00e9caires de Nouadhibou Les op\u00e9rations d\u2019installation et r\u00e9installation des habitants des quartiers pr\u00e9caires et poches d\u2019occupation ill\u00e9gale &hellip; <\/p>\n<p class=\"link-more\"><a href=\"http:\/\/iskan.gov.mr\/index.php\/realises\/\" class=\"more-link\">Continuer la lecture<span class=\"screen-reader-text\"> de &laquo;&nbsp;Projets Realis\u00e9s&nbsp;&raquo;<\/span><\/a><\/p>\n","protected":false},"author":1,"featured_media":0,"parent":0,"menu_order":0,"comment_status":"closed","ping_status":"closed","template":"","meta":[],"_links":{"self":[{"href":"http:\/\/iskan.gov.mr\/index.php\/wp-json\/wp\/v2\/pages\/541"}],"collection":[{"href":"http:\/\/iskan.gov.mr\/index.php\/wp-json\/wp\/v2\/pages"}],"about":[{"href":"http:\/\/iskan.gov.mr\/index.php\/wp-json\/wp\/v2\/types\/page"}],"author":[{"embeddable":true,"href":"http:\/\/iskan.gov.mr\/index.php\/wp-json\/wp\/v2\/users\/1"}],"replies":[{"embeddable":true,"href":"http:\/\/iskan.gov.mr\/index.php\/wp-json\/wp\/v2\/comments?post=541"}],"version-history":[{"count":9,"href":"http:\/\/iskan.gov.mr\/index.php\/wp-json\/wp\/v2\/pages\/541\/revisions"}],"predecessor-version":[{"id":2659,"href":"http:\/\/iskan.gov.mr\/index.php\/wp-json\/wp\/v2\/pages\/541\/revisions\/2659"}],"wp:attachment":[{"href":"http:\/\/iskan.gov.mr\/index.php\/wp-json\/wp\/v2\/media?parent=541"}],"curies":[{"name":"wp","href":"https:\/\/api.w.org\/{rel}","templated":true}]}}