{"id":547,"date":"2017-01-24T17:39:31","date_gmt":"2017-01-24T16:39:31","guid":{"rendered":"http:\/\/localhost\/wordpress\/?page_id=547"},"modified":"2017-03-02T11:13:54","modified_gmt":"2017-03-02T10:13:54","slug":"nouvelles","status":"publish","type":"page","link":"http:\/\/iskan.gov.mr\/index.php\/nouvelles\/","title":{"rendered":"Nouvelles"},"content":{"rendered":"<div class=\"agend\">\n\t<div class=\"wpnawfree-plugin news-clearfix \" id=\"wpnw-news-1\">\r\n\r\n\t\t\r\n\t\t\t<div id=\"post-3805\" class=\"news type-news wpnaw-blog-class has-date news-col-list wpnaw-first\">\r\n\t\t\t\t<div class=\"news-inner-wrap-view news-clearfix \">\r\n\r\n\t\t\t\t\t\t\t\t\t\t<div class=\"news-thumb\">\r\n\t\t\t\t\t\t\t\t\t\t\t\t\t<div class=\"grid-news-thumb\">\r\n\t\t\t\t\t\t\t\t<a href=\"http:\/\/iskan.gov.mr\/index.php\/news\/vente-aux-encheres-publiques-des-parcelles-a-usage-commercial-et-habitation-dans-les-differentes-regions-de-nouakchott\/\"><img width=\"249\" height=\"234\" src=\"http:\/\/iskan.gov.mr\/wp-content\/uploads\/2020\/01\/Capture2.png\" class=\"attachment-medium_large size-medium_large wp-post-image\" alt=\"\" decoding=\"async\" loading=\"lazy\" sizes=\"100vw\" \/><\/a>\r\n\t\t\t\t\t\t\t<\/div>\r\n\t\t\t\t\t\t\t\t\t\t\t<\/div>\r\n\t\t\t\t\t\r\n\t\t\t\t\t<div class=\"news-content\">\r\n\t\t\t\t\t\t\t\t\t\t\t\t\t<div class=\"grid-date-post\">\r\n\t\t\t\t\t\t\t\t13 avril 2024 \/ <a href=\"http:\/\/iskan.gov.mr\/index.php\/news-category\/actualites\/\">Actualit\u00e9s<\/a>\t\t\t\t\t\t\t<\/div>\r\n\t\t\t\t\t\t\r\n\t\t\t\t\t\t<div class=\"post-content-text\">\r\n\t\t\t\t\t\t\t<h3 class=\"news-title\"><a href=\"http:\/\/iskan.gov.mr\/index.php\/news\/vente-aux-encheres-publiques-des-parcelles-a-usage-commercial-et-habitation-dans-les-differentes-regions-de-nouakchott\/\" rel=\"bookmark\">Vente aux ench\u00e8res publiques  de parcelles \u00e0 usage commercial et d&rsquo;habitation \u00e0 Nouakchott<\/a><\/h3>\t\t\t\t\t\t\t\t<div class=\"news-content-excerpt\">\r\n\t\t\t\t\t\t\t\t\t\t\t\t\t\t\t\t\t\t\t<div class=\"news-short-content\">\r\n\t\t\t\t\t\t\t\t\t\t\tLa Soci\u00e9t\u00e9 Nationale ISKAN informe le public qu\u2019elle met en vente aux ench\u00e8respubliques, des parcelles \u00e0 usage commercial et d\u2019habitation...\t\t\t\t\t\t\t\t\t\t<\/div>\r\n\t\t\t\t\t\t\t\t\t\t<a href=\"http:\/\/iskan.gov.mr\/index.php\/news\/vente-aux-encheres-publiques-des-parcelles-a-usage-commercial-et-habitation-dans-les-differentes-regions-de-nouakchott\/\" class=\"news-more-link\">En savoir plus<\/a>\r\n\t\t\t\t\t\t\t\t\t\t\t\t\t\t\t\t\t<\/div><!-- .entry-content -->\r\n\t\t\t\t\t\t\t\t\t\t\t\t\t<\/div>\r\n\t\t\t\t\t<\/div>\r\n\t\t\t\t<\/div><!-- #post-## -->\r\n\t\t\t<\/div><!-- #post-## -->\r\n\t\t\r\n\t\t\t<div id=\"post-3730\" class=\"news type-news wpnaw-blog-class has-date news-col-list\">\r\n\t\t\t\t<div class=\"news-inner-wrap-view news-clearfix \">\r\n\r\n\t\t\t\t\t\t\t\t\t\t<div class=\"news-thumb\">\r\n\t\t\t\t\t\t\t\t\t\t\t\t\t<div class=\"grid-news-thumb\">\r\n\t\t\t\t\t\t\t\t<a href=\"http:\/\/iskan.gov.mr\/index.php\/news\/avis-dappel-offres-aao-pour-les-travaux-de-construction-100-logements-a-tayeratte\/\"><img width=\"249\" height=\"234\" src=\"http:\/\/iskan.gov.mr\/wp-content\/uploads\/2020\/01\/Capture2.png\" class=\"attachment-medium_large size-medium_large wp-post-image\" alt=\"\" decoding=\"async\" loading=\"lazy\" sizes=\"100vw\" \/><\/a>\r\n\t\t\t\t\t\t\t<\/div>\r\n\t\t\t\t\t\t\t\t\t\t\t<\/div>\r\n\t\t\t\t\t\r\n\t\t\t\t\t<div class=\"news-content\">\r\n\t\t\t\t\t\t\t\t\t\t\t\t\t<div class=\"grid-date-post\">\r\n\t\t\t\t\t\t\t\t19 septembre 2023 \/ <a href=\"http:\/\/iskan.gov.mr\/index.php\/news-category\/actualites\/\">Actualit\u00e9s<\/a>\t\t\t\t\t\t\t<\/div>\r\n\t\t\t\t\t\t\r\n\t\t\t\t\t\t<div class=\"post-content-text\">\r\n\t\t\t\t\t\t\t<h3 class=\"news-title\"><a href=\"http:\/\/iskan.gov.mr\/index.php\/news\/avis-dappel-offres-aao-pour-les-travaux-de-construction-100-logements-a-tayeratte\/\" rel=\"bookmark\">Avis d&rsquo;Appel Offres (AAO) pour les travaux de construction 100 logements \u00e0 Tayeratte<\/a><\/h3>\t\t\t\t\t\t\t\t<div class=\"news-content-excerpt\">\r\n\t\t\t\t\t\t\t\t\t\t\t\t\t\t\t\t\t\t\t<div class=\"news-short-content\">\r\n\t\t\t\t\t\t\t\t\t\t\tLa Soci\u00e9t\u00e9 Nationale ISKAN, lance un avis d'appel offres National pour la construction de 100 logements \u00e0 Tayeratte, en unique...\t\t\t\t\t\t\t\t\t\t<\/div>\r\n\t\t\t\t\t\t\t\t\t\t<a href=\"http:\/\/iskan.gov.mr\/index.php\/news\/avis-dappel-offres-aao-pour-les-travaux-de-construction-100-logements-a-tayeratte\/\" class=\"news-more-link\">En savoir plus<\/a>\r\n\t\t\t\t\t\t\t\t\t\t\t\t\t\t\t\t\t<\/div><!-- .entry-content -->\r\n\t\t\t\t\t\t\t\t\t\t\t\t\t<\/div>\r\n\t\t\t\t\t<\/div>\r\n\t\t\t\t<\/div><!-- #post-## -->\r\n\t\t\t<\/div><!-- #post-## -->\r\n\t\t\r\n\t\t\t<div id=\"post-3453\" class=\"news type-news wpnaw-blog-class has-date news-col-list\">\r\n\t\t\t\t<div class=\"news-inner-wrap-view news-clearfix \">\r\n\r\n\t\t\t\t\t\t\t\t\t\t<div class=\"news-thumb\">\r\n\t\t\t\t\t\t\t\t\t\t\t\t\t<div class=\"grid-news-thumb\">\r\n\t\t\t\t\t\t\t\t<a href=\"http:\/\/iskan.gov.mr\/index.php\/news\/avis-dattributionprovisoire-du-marche-relatif-a-la-construction-du-centre-comercial-arafat\/\"><img width=\"525\" height=\"727\" src=\"http:\/\/iskan.gov.mr\/wp-content\/uploads\/2021\/03\/Screenshot_20210329-184242-1.jpg\" class=\"attachment-medium_large size-medium_large wp-post-image\" alt=\"\" decoding=\"async\" loading=\"lazy\" srcset=\"http:\/\/iskan.gov.mr\/wp-content\/uploads\/2021\/03\/Screenshot_20210329-184242-1.jpg 540w, http:\/\/iskan.gov.mr\/wp-content\/uploads\/2021\/03\/Screenshot_20210329-184242-1-217x300.jpg 217w\" sizes=\"100vw\" \/><\/a>\r\n\t\t\t\t\t\t\t<\/div>\r\n\t\t\t\t\t\t\t\t\t\t\t<\/div>\r\n\t\t\t\t\t\r\n\t\t\t\t\t<div class=\"news-content\">\r\n\t\t\t\t\t\t\t\t\t\t\t\t\t<div class=\"grid-date-post\">\r\n\t\t\t\t\t\t\t\t29 mars 2021 \/ <a href=\"http:\/\/iskan.gov.mr\/index.php\/news-category\/actualites\/\">Actualit\u00e9s<\/a>\t\t\t\t\t\t\t<\/div>\r\n\t\t\t\t\t\t\r\n\t\t\t\t\t\t<div class=\"post-content-text\">\r\n\t\t\t\t\t\t\t<h3 class=\"news-title\"><a href=\"http:\/\/iskan.gov.mr\/index.php\/news\/avis-dattributionprovisoire-du-marche-relatif-a-la-construction-du-centre-comercial-arafat\/\" rel=\"bookmark\">Avis d&rsquo;Attribution Provisoire du march\u00e9 relatif \u00e0 la construction du Centre Comercial Arafat<\/a><\/h3>\t\t\t\t\t\t\t\t<div class=\"news-content-excerpt\">\r\n\t\t\t\t\t\t\t\t\t\t\t\t\t\t\t\t\t\t\t<div class=\"news-short-content\">\r\n\t\t\t\t\t\t\t\t\t\t\tla Soci\u00e9t\u00e9 Nationale ISKAN a l'honneur de publier le present Avis Concernant l'Attribution Provisoire du marche relatif \u00e0 la construction...\t\t\t\t\t\t\t\t\t\t<\/div>\r\n\t\t\t\t\t\t\t\t\t\t<a href=\"http:\/\/iskan.gov.mr\/index.php\/news\/avis-dattributionprovisoire-du-marche-relatif-a-la-construction-du-centre-comercial-arafat\/\" class=\"news-more-link\">En savoir plus<\/a>\r\n\t\t\t\t\t\t\t\t\t\t\t\t\t\t\t\t\t<\/div><!-- .entry-content -->\r\n\t\t\t\t\t\t\t\t\t\t\t\t\t<\/div>\r\n\t\t\t\t\t<\/div>\r\n\t\t\t\t<\/div><!-- #post-## -->\r\n\t\t\t<\/div><!-- #post-## -->\r\n\t\t\r\n\t\t\t<div id=\"post-3452\" class=\"news type-news wpnaw-blog-class has-date news-col-list\">\r\n\t\t\t\t<div class=\"news-inner-wrap-view news-clearfix \">\r\n\r\n\t\t\t\t\t\t\t\t\t\t<div class=\"news-thumb\">\r\n\t\t\t\t\t\t\t\t\t\t\t\t\t<div class=\"grid-news-thumb\">\r\n\t\t\t\t\t\t\t\t<a href=\"http:\/\/iskan.gov.mr\/index.php\/news\/communique-iskan-relatif-aux-seances-de-la-vente-aux-encheres-publiques-prevues-initialement-debut-davril-2021\/\"><img width=\"249\" height=\"234\" src=\"http:\/\/iskan.gov.mr\/wp-content\/uploads\/2020\/01\/Capture2.png\" class=\"attachment-medium_large size-medium_large wp-post-image\" alt=\"\" decoding=\"async\" loading=\"lazy\" sizes=\"100vw\" \/><\/a>\r\n\t\t\t\t\t\t\t<\/div>\r\n\t\t\t\t\t\t\t\t\t\t\t<\/div>\r\n\t\t\t\t\t\r\n\t\t\t\t\t<div class=\"news-content\">\r\n\t\t\t\t\t\t\t\t\t\t\t\t\t<div class=\"grid-date-post\">\r\n\t\t\t\t\t\t\t\t29 mars 2021 \/ <a href=\"http:\/\/iskan.gov.mr\/index.php\/news-category\/actualites\/\">Actualit\u00e9s<\/a>\t\t\t\t\t\t\t<\/div>\r\n\t\t\t\t\t\t\r\n\t\t\t\t\t\t<div class=\"post-content-text\">\r\n\t\t\t\t\t\t\t<h3 class=\"news-title\"><a href=\"http:\/\/iskan.gov.mr\/index.php\/news\/communique-iskan-relatif-aux-seances-de-la-vente-aux-encheres-publiques-prevues-initialement-debut-davril-2021\/\" rel=\"bookmark\">Communiqu\u00e9 ISKAN relatif aux s\u00e9ances de la vente aux ench\u00e8res publiques pr\u00e9vues initialement debut d&rsquo;Avril 2021<\/a><\/h3>\t\t\t\t\t\t\t\t<div class=\"news-content-excerpt\">\r\n\t\t\t\t\t\t\t\t\t\t\t\t\t\t\t\t\t\t\t<div class=\"news-short-content\">\r\n\t\t\t\t\t\t\t\t\t\t\tla Soci\u00e9t\u00e9 Nationale ISKAN informe son aimable client\u00e8le que l'organisation des s\u00e9ances pour la vente aux ench\u00e8res publiques de 169...\t\t\t\t\t\t\t\t\t\t<\/div>\r\n\t\t\t\t\t\t\t\t\t\t<a href=\"http:\/\/iskan.gov.mr\/index.php\/news\/communique-iskan-relatif-aux-seances-de-la-vente-aux-encheres-publiques-prevues-initialement-debut-davril-2021\/\" class=\"news-more-link\">En savoir plus<\/a>\r\n\t\t\t\t\t\t\t\t\t\t\t\t\t\t\t\t\t<\/div><!-- .entry-content -->\r\n\t\t\t\t\t\t\t\t\t\t\t\t\t<\/div>\r\n\t\t\t\t\t<\/div>\r\n\t\t\t\t<\/div><!-- #post-## -->\r\n\t\t\t<\/div><!-- #post-## -->\r\n\t\t\r\n\t\t\t<div id=\"post-3410\" class=\"news type-news wpnaw-blog-class has-date news-col-list\">\r\n\t\t\t\t<div class=\"news-inner-wrap-view news-clearfix \">\r\n\r\n\t\t\t\t\t\t\t\t\t\t<div class=\"news-thumb\">\r\n\t\t\t\t\t\t\t\t\t\t\t\t\t<div class=\"grid-news-thumb\">\r\n\t\t\t\t\t\t\t\t<a href=\"http:\/\/iskan.gov.mr\/index.php\/news\/3410\/\"><img width=\"249\" height=\"234\" src=\"http:\/\/iskan.gov.mr\/wp-content\/uploads\/2020\/01\/Capture2.png\" class=\"attachment-medium_large size-medium_large wp-post-image\" alt=\"\" decoding=\"async\" loading=\"lazy\" sizes=\"100vw\" \/><\/a>\r\n\t\t\t\t\t\t\t<\/div>\r\n\t\t\t\t\t\t\t\t\t\t\t<\/div>\r\n\t\t\t\t\t\r\n\t\t\t\t\t<div class=\"news-content\">\r\n\t\t\t\t\t\t\t\t\t\t\t\t\t<div class=\"grid-date-post\">\r\n\t\t\t\t\t\t\t\t11 mars 2021 \/ <a href=\"http:\/\/iskan.gov.mr\/index.php\/news-category\/actualites\/\">Actualit\u00e9s<\/a>\t\t\t\t\t\t\t<\/div>\r\n\t\t\t\t\t\t\r\n\t\t\t\t\t\t<div class=\"post-content-text\">\r\n\t\t\t\t\t\t\t<h3 class=\"news-title\"><a href=\"http:\/\/iskan.gov.mr\/index.php\/news\/3410\/\" rel=\"bookmark\">Vente aux ench\u00e8res 169 parcelles \u00e0 usage d&rsquo;habitation au niveau de Moughataa Tavragh Zeina<\/a><\/h3>\t\t\t\t\t\t\t\t<div class=\"news-content-excerpt\">\r\n\t\t\t\t\t\t\t\t\t\t\t\t\t\t\t\t\t\t\t<div class=\"news-short-content\">\r\n\t\t\t\t\t\t\t\t\t\t\tla Soci\u00e9t\u00e9 Nationale ISKAN informe son aimable client\u00e8le qu'elle met en vente aux ench\u00e8res publiques, 169 parcelles \u00e0 usage d'habitation...\t\t\t\t\t\t\t\t\t\t<\/div>\r\n\t\t\t\t\t\t\t\t\t\t<a href=\"http:\/\/iskan.gov.mr\/index.php\/news\/3410\/\" class=\"news-more-link\">En savoir plus<\/a>\r\n\t\t\t\t\t\t\t\t\t\t\t\t\t\t\t\t\t<\/div><!-- .entry-content -->\r\n\t\t\t\t\t\t\t\t\t\t\t\t\t<\/div>\r\n\t\t\t\t\t<\/div>\r\n\t\t\t\t<\/div><!-- #post-## -->\r\n\t\t\t<\/div><!-- #post-## -->\r\n\t\t\r\n\t\t\t<div id=\"post-3336\" class=\"news type-news wpnaw-blog-class has-date news-col-list\">\r\n\t\t\t\t<div class=\"news-inner-wrap-view news-clearfix \">\r\n\r\n\t\t\t\t\t\t\t\t\t\t<div class=\"news-thumb\">\r\n\t\t\t\t\t\t\t\t\t\t\t\t\t<div class=\"grid-news-thumb\">\r\n\t\t\t\t\t\t\t\t<a href=\"http:\/\/iskan.gov.mr\/index.php\/news\/annulation-de-la-vente-directe-initialement-programmee-le-20-janvier\/\"><img width=\"249\" height=\"234\" src=\"http:\/\/iskan.gov.mr\/wp-content\/uploads\/2020\/01\/Capture2.png\" class=\"attachment-medium_large size-medium_large wp-post-image\" alt=\"\" decoding=\"async\" loading=\"lazy\" sizes=\"100vw\" \/><\/a>\r\n\t\t\t\t\t\t\t<\/div>\r\n\t\t\t\t\t\t\t\t\t\t\t<\/div>\r\n\t\t\t\t\t\r\n\t\t\t\t\t<div class=\"news-content\">\r\n\t\t\t\t\t\t\t\t\t\t\t\t\t<div class=\"grid-date-post\">\r\n\t\t\t\t\t\t\t\t17 janvier 2021 \/ <a href=\"http:\/\/iskan.gov.mr\/index.php\/news-category\/actualites\/\">Actualit\u00e9s<\/a>, <a href=\"http:\/\/iskan.gov.mr\/index.php\/news-category\/actualites-actualites\/\">Actualit\u00e9s<\/a>\t\t\t\t\t\t\t<\/div>\r\n\t\t\t\t\t\t\r\n\t\t\t\t\t\t<div class=\"post-content-text\">\r\n\t\t\t\t\t\t\t<h3 class=\"news-title\"><a href=\"http:\/\/iskan.gov.mr\/index.php\/news\/annulation-de-la-vente-directe-initialement-programmee-le-20-janvier\/\" rel=\"bookmark\">Annulation de la vente directe initialement programm\u00e9e le 20 janvier<\/a><\/h3>\t\t\t\t\t\t\t\t<div class=\"news-content-excerpt\">\r\n\t\t\t\t\t\t\t\t\t\t\t\t\t\t\t\t\t\t\t<div class=\"news-short-content\">\r\n\t\t\t\t\t\t\t\t\t\t\tLa Soci\u00e9t\u00e9 Nationale ISKAN informe le public qu\u2019en raison de l\u2019affluence record et l\u2019int\u00e9r\u00eat grandissant suscit\u00e9 par le communiqu\u00e9 du...\t\t\t\t\t\t\t\t\t\t<\/div>\r\n\t\t\t\t\t\t\t\t\t\t<a href=\"http:\/\/iskan.gov.mr\/index.php\/news\/annulation-de-la-vente-directe-initialement-programmee-le-20-janvier\/\" class=\"news-more-link\">En savoir plus<\/a>\r\n\t\t\t\t\t\t\t\t\t\t\t\t\t\t\t\t\t<\/div><!-- .entry-content -->\r\n\t\t\t\t\t\t\t\t\t\t\t\t\t<\/div>\r\n\t\t\t\t\t<\/div>\r\n\t\t\t\t<\/div><!-- #post-## -->\r\n\t\t\t<\/div><!-- #post-## -->\r\n\t\t\r\n\t\t\t<div id=\"post-3333\" class=\"news type-news wpnaw-blog-class has-date news-col-list\">\r\n\t\t\t\t<div class=\"news-inner-wrap-view news-clearfix \">\r\n\r\n\t\t\t\t\t\t\t\t\t\t<div class=\"news-thumb\">\r\n\t\t\t\t\t\t\t\t\t\t\t\t\t<div class=\"grid-news-thumb\">\r\n\t\t\t\t\t\t\t\t<a href=\"http:\/\/iskan.gov.mr\/index.php\/news\/mise-en-vente-de-cent-soixante-neuf-parcelles-169-a-usage-dhabitation-situees-au-niveau-de-la-moughataa-de-tevragh-zeina\/\"><img width=\"525\" height=\"399\" src=\"http:\/\/iskan.gov.mr\/wp-content\/uploads\/2021\/01\/avis.png\" class=\"attachment-medium_large size-medium_large wp-post-image\" alt=\"\" decoding=\"async\" loading=\"lazy\" srcset=\"http:\/\/iskan.gov.mr\/wp-content\/uploads\/2021\/01\/avis.png 698w, http:\/\/iskan.gov.mr\/wp-content\/uploads\/2021\/01\/avis-300x228.png 300w\" sizes=\"100vw\" \/><\/a>\r\n\t\t\t\t\t\t\t<\/div>\r\n\t\t\t\t\t\t\t\t\t\t\t<\/div>\r\n\t\t\t\t\t\r\n\t\t\t\t\t<div class=\"news-content\">\r\n\t\t\t\t\t\t\t\t\t\t\t\t\t<div class=\"grid-date-post\">\r\n\t\t\t\t\t\t\t\t7 janvier 2021 \/ <a href=\"http:\/\/iskan.gov.mr\/index.php\/news-category\/actualites\/\">Actualit\u00e9s<\/a>\t\t\t\t\t\t\t<\/div>\r\n\t\t\t\t\t\t\r\n\t\t\t\t\t\t<div class=\"post-content-text\">\r\n\t\t\t\t\t\t\t<h3 class=\"news-title\"><a href=\"http:\/\/iskan.gov.mr\/index.php\/news\/mise-en-vente-de-cent-soixante-neuf-parcelles-169-a-usage-dhabitation-situees-au-niveau-de-la-moughataa-de-tevragh-zeina\/\" rel=\"bookmark\">Mise en vente de Cent Soixante Neuf parcelles (169) \u00e0 usage d\u2019habitation situ\u00e9es au niveau de la Moughataa  de TEVRAGH ZEINA<\/a><\/h3>\t\t\t\t\t\t\t\t<div class=\"news-content-excerpt\">\r\n\t\t\t\t\t\t\t\t\t\t\t\t\t\t\t\t\t\t\t<div class=\"news-short-content\">\r\n\t\t\t\t\t\t\t\t\t\t\tLa&nbsp;Soci\u00e9t\u00e9&nbsp;Nationale ISKAN&nbsp;informe le public qu\u2019elle met en vente&nbsp; \u00e0 partir du mercredi &nbsp;20 janvier 2021, Cent Soixante Neuf parcelles (169)...\t\t\t\t\t\t\t\t\t\t<\/div>\r\n\t\t\t\t\t\t\t\t\t\t<a href=\"http:\/\/iskan.gov.mr\/index.php\/news\/mise-en-vente-de-cent-soixante-neuf-parcelles-169-a-usage-dhabitation-situees-au-niveau-de-la-moughataa-de-tevragh-zeina\/\" class=\"news-more-link\">En savoir plus<\/a>\r\n\t\t\t\t\t\t\t\t\t\t\t\t\t\t\t\t\t<\/div><!-- .entry-content -->\r\n\t\t\t\t\t\t\t\t\t\t\t\t\t<\/div>\r\n\t\t\t\t\t<\/div>\r\n\t\t\t\t<\/div><!-- #post-## -->\r\n\t\t\t<\/div><!-- #post-## -->\r\n\t\t\r\n\t\t\t<div id=\"post-3187\" class=\"news type-news wpnaw-blog-class has-date news-col-list\">\r\n\t\t\t\t<div class=\"news-inner-wrap-view news-clearfix \">\r\n\r\n\t\t\t\t\t\t\t\t\t\t<div class=\"news-thumb\">\r\n\t\t\t\t\t\t\t\t\t\t\t\t\t<div class=\"grid-news-thumb\">\r\n\t\t\t\t\t\t\t\t<a href=\"http:\/\/iskan.gov.mr\/index.php\/news\/appel-doffres-international-ouvert-limite-aux-pays-membres-aoi-pm-pour-travaux-de-construction-dun-complexe-commercial-englobant-des-bureaux-a-arafat-nouakchott-mauritan\/\"><img width=\"525\" height=\"413\" src=\"http:\/\/iskan.gov.mr\/wp-content\/uploads\/2020\/09\/avi-image-768x604.png\" class=\"attachment-medium_large size-medium_large wp-post-image\" alt=\"\" decoding=\"async\" loading=\"lazy\" srcset=\"http:\/\/iskan.gov.mr\/wp-content\/uploads\/2020\/09\/avi-image-768x604.png 768w, http:\/\/iskan.gov.mr\/wp-content\/uploads\/2020\/09\/avi-image-300x236.png 300w, http:\/\/iskan.gov.mr\/wp-content\/uploads\/2020\/09\/avi-image.png 883w\" sizes=\"100vw\" \/><\/a>\r\n\t\t\t\t\t\t\t<\/div>\r\n\t\t\t\t\t\t\t\t\t\t\t<\/div>\r\n\t\t\t\t\t\r\n\t\t\t\t\t<div class=\"news-content\">\r\n\t\t\t\t\t\t\t\t\t\t\t\t\t<div class=\"grid-date-post\">\r\n\t\t\t\t\t\t\t\t22 septembre 2020 \/ <a href=\"http:\/\/iskan.gov.mr\/index.php\/news-category\/actualites\/\">Actualit\u00e9s<\/a>\t\t\t\t\t\t\t<\/div>\r\n\t\t\t\t\t\t\r\n\t\t\t\t\t\t<div class=\"post-content-text\">\r\n\t\t\t\t\t\t\t<h3 class=\"news-title\"><a href=\"http:\/\/iskan.gov.mr\/index.php\/news\/appel-doffres-international-ouvert-limite-aux-pays-membres-aoi-pm-pour-travaux-de-construction-dun-complexe-commercial-englobant-des-bureaux-a-arafat-nouakchott-mauritan\/\" rel=\"bookmark\">Appel d&rsquo;Offres International ouvert, limit\u00e9 aux Pays membres  (AOI\/PM) pour des  Travaux de Construction d\u2019un Complexe Commercial Englobant des Bureaux \u00e0 ARAFAT- Nouakchott \u2013Mauritanie<\/a><\/h3>\t\t\t\t\t\t\t\t<div class=\"news-content-excerpt\">\r\n\t\t\t\t\t\t\t\t\t\t\t\t\t\t\t\t\t\t\t<div class=\"news-short-content\">\r\n\t\t\t\t\t\t\t\t\t\t\tLa Soci\u00e9t\u00e9 Nationale d\u2019Am\u00e9nagement de Terrains, de D\u00e9veloppement de l\u2019Habitat, de Promotion et de Gestion Immobili\u00e8res ISKAN sn, Ma\u00eetre d\u2019Ouvrage...\t\t\t\t\t\t\t\t\t\t<\/div>\r\n\t\t\t\t\t\t\t\t\t\t<a href=\"http:\/\/iskan.gov.mr\/index.php\/news\/appel-doffres-international-ouvert-limite-aux-pays-membres-aoi-pm-pour-travaux-de-construction-dun-complexe-commercial-englobant-des-bureaux-a-arafat-nouakchott-mauritan\/\" class=\"news-more-link\">En savoir plus<\/a>\r\n\t\t\t\t\t\t\t\t\t\t\t\t\t\t\t\t\t<\/div><!-- .entry-content -->\r\n\t\t\t\t\t\t\t\t\t\t\t\t\t<\/div>\r\n\t\t\t\t\t<\/div>\r\n\t\t\t\t<\/div><!-- #post-## -->\r\n\t\t\t<\/div><!-- #post-## -->\r\n\t\t\r\n\t\t\t<div id=\"post-3025\" class=\"news type-news wpnaw-blog-class has-date news-col-list\">\r\n\t\t\t\t<div class=\"news-inner-wrap-view news-clearfix \">\r\n\r\n\t\t\t\t\t\t\t\t\t\t<div class=\"news-thumb\">\r\n\t\t\t\t\t\t\t\t\t\t\t\t\t<div class=\"grid-news-thumb\">\r\n\t\t\t\t\t\t\t\t<a href=\"http:\/\/iskan.gov.mr\/index.php\/news\/la-pose-de-la-premiere-pierre-des-differentes-composantes-du-projet-dextension-et-modernisation-de-la-ville-de-selibaby\/\"><img width=\"500\" height=\"333\" src=\"http:\/\/iskan.gov.mr\/wp-content\/uploads\/2019\/12\/02-11-2019-M-00-00-03-.jpg\" class=\"attachment-medium_large size-medium_large wp-post-image\" alt=\"\" decoding=\"async\" loading=\"lazy\" srcset=\"http:\/\/iskan.gov.mr\/wp-content\/uploads\/2019\/12\/02-11-2019-M-00-00-03-.jpg 500w, http:\/\/iskan.gov.mr\/wp-content\/uploads\/2019\/12\/02-11-2019-M-00-00-03--300x200.jpg 300w\" sizes=\"100vw\" \/><\/a>\r\n\t\t\t\t\t\t\t<\/div>\r\n\t\t\t\t\t\t\t\t\t\t\t<\/div>\r\n\t\t\t\t\t\r\n\t\t\t\t\t<div class=\"news-content\">\r\n\t\t\t\t\t\t\t\t\t\t\t\t\t<div class=\"grid-date-post\">\r\n\t\t\t\t\t\t\t\t5 d\u00e9cembre 2019 \/ <a href=\"http:\/\/iskan.gov.mr\/index.php\/news-category\/actualites\/\">Actualit\u00e9s<\/a>\t\t\t\t\t\t\t<\/div>\r\n\t\t\t\t\t\t\r\n\t\t\t\t\t\t<div class=\"post-content-text\">\r\n\t\t\t\t\t\t\t<h3 class=\"news-title\"><a href=\"http:\/\/iskan.gov.mr\/index.php\/news\/la-pose-de-la-premiere-pierre-des-differentes-composantes-du-projet-dextension-et-modernisation-de-la-ville-de-selibaby\/\" rel=\"bookmark\">la pose de la premi\u00e8re pierre des diff\u00e9rentes composantes du projet d\u2019Extension et modernisation de la ville de S\u00e9libaby<\/a><\/h3>\t\t\t\t\t\t\t\t<div class=\"news-content-excerpt\">\r\n\t\t\t\t\t\t\t\t\t\t\t\t\t\t\t\t\t\t\t<div class=\"news-short-content\">\r\n\t\t\t\t\t\t\t\t\t\t\tLe Pr\u00e9sident de la R\u00e9publique, Son Excellence Monsieur Mohamed Ould Cheikh EL Ghazouani, a pos\u00e9 lundi matin \u00e0 S\u00e9libaby, la...\t\t\t\t\t\t\t\t\t\t<\/div>\r\n\t\t\t\t\t\t\t\t\t\t<a href=\"http:\/\/iskan.gov.mr\/index.php\/news\/la-pose-de-la-premiere-pierre-des-differentes-composantes-du-projet-dextension-et-modernisation-de-la-ville-de-selibaby\/\" class=\"news-more-link\">En savoir plus<\/a>\r\n\t\t\t\t\t\t\t\t\t\t\t\t\t\t\t\t\t<\/div><!-- .entry-content -->\r\n\t\t\t\t\t\t\t\t\t\t\t\t\t<\/div>\r\n\t\t\t\t\t<\/div>\r\n\t\t\t\t<\/div><!-- #post-## -->\r\n\t\t\t<\/div><!-- #post-## -->\r\n\t\t\r\n\t\t\t<div id=\"post-3007\" class=\"news type-news wpnaw-blog-class has-date news-col-list wpnaw-last\">\r\n\t\t\t\t<div class=\"news-inner-wrap-view news-clearfix \">\r\n\r\n\t\t\t\t\t\t\t\t\t\t<div class=\"news-thumb\">\r\n\t\t\t\t\t\t\t\t\t\t\t\t\t<div class=\"grid-news-thumb\">\r\n\t\t\t\t\t\t\t\t<a href=\"http:\/\/iskan.gov.mr\/index.php\/news\/vente-de-logements-a-zouerate\/\"><img width=\"525\" height=\"247\" src=\"http:\/\/iskan.gov.mr\/wp-content\/uploads\/2019\/08\/67965587_108781867137724_6846759730518425600_n-768x361.jpg\" class=\"attachment-medium_large size-medium_large wp-post-image\" alt=\"\" decoding=\"async\" loading=\"lazy\" srcset=\"http:\/\/iskan.gov.mr\/wp-content\/uploads\/2019\/08\/67965587_108781867137724_6846759730518425600_n-768x361.jpg 768w, http:\/\/iskan.gov.mr\/wp-content\/uploads\/2019\/08\/67965587_108781867137724_6846759730518425600_n-300x141.jpg 300w, http:\/\/iskan.gov.mr\/wp-content\/uploads\/2019\/08\/67965587_108781867137724_6846759730518425600_n.jpg 960w\" sizes=\"100vw\" \/><\/a>\r\n\t\t\t\t\t\t\t<\/div>\r\n\t\t\t\t\t\t\t\t\t\t\t<\/div>\r\n\t\t\t\t\t\r\n\t\t\t\t\t<div class=\"news-content\">\r\n\t\t\t\t\t\t\t\t\t\t\t\t\t<div class=\"grid-date-post\">\r\n\t\t\t\t\t\t\t\t8 ao\u00fbt 2019 \/ <a href=\"http:\/\/iskan.gov.mr\/index.php\/news-category\/actualites\/\">Actualit\u00e9s<\/a>\t\t\t\t\t\t\t<\/div>\r\n\t\t\t\t\t\t\r\n\t\t\t\t\t\t<div class=\"post-content-text\">\r\n\t\t\t\t\t\t\t<h3 class=\"news-title\"><a href=\"http:\/\/iskan.gov.mr\/index.php\/news\/vente-de-logements-a-zouerate\/\" rel=\"bookmark\">vente de logements \u00e0 Zouerate<\/a><\/h3>\t\t\t\t\t\t\t\t<div class=\"news-content-excerpt\">\r\n\t\t\t\t\t\t\t\t\t\t\t\t\t\t\t\t\t\t\t<div class=\"news-short-content\">\r\n\t\t\t\t\t\t\t\t\t\t\tDans le cadre d\u2019extension et de la modernisation de la ville de Zou\u00e9rate et pour r\u00e9pondre \u00e0 la demande croissante...\t\t\t\t\t\t\t\t\t\t<\/div>\r\n\t\t\t\t\t\t\t\t\t\t<a href=\"http:\/\/iskan.gov.mr\/index.php\/news\/vente-de-logements-a-zouerate\/\" class=\"news-more-link\">En savoir plus<\/a>\r\n\t\t\t\t\t\t\t\t\t\t\t\t\t\t\t\t\t<\/div><!-- .entry-content -->\r\n\t\t\t\t\t\t\t\t\t\t\t\t\t<\/div>\r\n\t\t\t\t\t<\/div>\r\n\t\t\t\t<\/div><!-- #post-## -->\r\n\t\t\t<\/div><!-- #post-## -->\r\n\t\t\t\t\t<div class=\"news_pagination wpnw-numeric\">\r\n\t\t\t\t<span aria-current=\"page\" class=\"page-numbers current\">1<\/span>\n<a class=\"page-numbers\" href=\"http:\/\/iskan.gov.mr\/index.php\/wp-json\/wp\/v2\/pages\/547\/page\/2\/#wpnw-news-1\">2<\/a>\n<a class=\"next page-numbers\" href=\"http:\/\/iskan.gov.mr\/index.php\/wp-json\/wp\/v2\/pages\/547\/page\/2\/#wpnw-news-1\">Suivante &raquo;<\/a>\t\t\t<\/div>\r\n\t\t\t<\/div>\r\n\r\n\t\n<\/div>\n","protected":false},"excerpt":{"rendered":"","protected":false},"author":1,"featured_media":0,"parent":0,"menu_order":0,"comment_status":"closed","ping_status":"closed","template":"","meta":[],"_links":{"self":[{"href":"http:\/\/iskan.gov.mr\/index.php\/wp-json\/wp\/v2\/pages\/547"}],"collection":[{"href":"http:\/\/iskan.gov.mr\/index.php\/wp-json\/wp\/v2\/pages"}],"about":[{"href":"http:\/\/iskan.gov.mr\/index.php\/wp-json\/wp\/v2\/types\/page"}],"author":[{"embeddable":true,"href":"http:\/\/iskan.gov.mr\/index.php\/wp-json\/wp\/v2\/users\/1"}],"replies":[{"embeddable":true,"href":"http:\/\/iskan.gov.mr\/index.php\/wp-json\/wp\/v2\/comments?post=547"}],"version-history":[{"count":5,"href":"http:\/\/iskan.gov.mr\/index.php\/wp-json\/wp\/v2\/pages\/547\/revisions"}],"predecessor-version":[{"id":1813,"href":"http:\/\/iskan.gov.mr\/index.php\/wp-json\/wp\/v2\/pages\/547\/revisions\/1813"}],"wp:attachment":[{"href":"http:\/\/iskan.gov.mr\/index.php\/wp-json\/wp\/v2\/media?parent=547"}],"curies":[{"name":"wp","href":"https:\/\/api.w.org\/{rel}","templated":true}]}}