{"id":553,"date":"2017-01-24T18:01:13","date_gmt":"2017-01-24T17:01:13","guid":{"rendered":"http:\/\/localhost\/wordpress\/?page_id=553"},"modified":"2025-08-06T18:10:24","modified_gmt":"2025-08-06T16:10:24","slug":"cotations","status":"publish","type":"page","link":"http:\/\/iskan.gov.mr\/index.php\/cotations\/","title":{"rendered":"COTATIONS"},"content":{"rendered":"<div class=\"agenda\">\n<ul class=\"ol\">\n<li>Demande de cotation pour la confection et implantation de 2250 bornes dans la zone de recasement de Selibaby<br \/>\n<center><a class=\"news-more-link\" href=\"http:\/\/iskan.gov.mr\/index.php\/2020\/10\/02\/demande-de-cotation-pour-la-confection-et-implantation-de-2250-bornes-dans-la-zone-de-recasement-de-selibaby\/\">En savoir plus <\/a><\/center><\/li>\n<\/ul>\n<ul class=\"ol\">\n<li>Cotation pour l\u2019\u00e9largissement de 49 voies dans la ville de Selibaby<br \/>\n<center><a class=\"news-more-link\" href=\"http:\/\/iskan.gov.mr\/index.php\/demande-de-cotation-pour-lelargissement-de-49-voies-dans-la-ville-de-selibaby\/\">En savoir plus <\/a><\/center><\/li>\n<\/ul>\n<ul class=\"ol\">\n<li>Construction et Implantation de 1800 Bornes dans l\u2019extension de Zone de Recasement de la Ville de Selibaby<br \/>\n<center><a class=\"news-more-link\" href=\"http:\/\/iskan.gov.mr\/index.php\/construction-et-implantation-de-1800-bornes-dans-lextension-de-zone-de-recasement-de-la-ville-de-selibaby\/\">En savoir plus <\/a><\/center><\/li>\n<\/ul>\n<ul class=\"ol\">\n<li>D\u00e9limitation et Bornage de de la zone de recasement de la ville de ROSSO<br \/>\n<center><a class=\"news-more-link\" href=\"http:\/\/iskan.gov.mr\/index.php\/demande-de-cotation-pour-la-delimitation-et-bornage-de-la-zone-de-recasement-de-la-ville-de-rosso\/\">En savoir plus <\/a><\/center><\/li>\n<\/ul>\n<ul class=\"ol\">\n<li>D\u00e9limitation de l&#8217;emprise de la zone de recasement du projet de l\u2019extension et de la modernisation d&rsquo;Aleg<br \/>\n<center><a class=\"news-more-link\" href=\"http:\/\/iskan.gov.mr\/index.php\/delimitation-de-lemprise-de-la-zone-de-recasement-du-projet-de-lextension-et-de-la-modernisation-daleg\/\">En savoir plus <\/a><\/center><\/li>\n<\/ul>\n<ul class=\"ol\">\n<li>une cotation pour l\u2019acquisition de mat\u00e9riels de bureau<br \/>\n<center><a class=\"news-more-link\" href=\"http:\/\/iskan.gov.mr\/index.php\/une-cotation-pour-lacquisition-de-materiels-de-bureau\/\">En savoir plus <\/a><\/center><\/li>\n<li>une cotation pour la s\u00e9lection d&rsquo;une entreprise devant assurer le bornage de 750 lots au PK7 de Rosso<br \/>\n<center><a class=\"news-more-link\" href=\"http:\/\/iskan.gov.mr\/index.php\/une-cotation-pour-la-selection-dune-entreprise-devant-assurer-le-bornage-de-750-lots-au-pk7-de-rosso\/\">En savoir plus <\/a><\/center><\/li>\n<li>une cotation pour d\u00e9limitation de la zone de recasement dans la ville de Boutelimit<br \/>\n<center><a class=\"news-more-link\" href=\"http:\/\/iskan.gov.mr\/index.php\/delimitation-de-la-zone-de-recasement-dans-la-ville-du-boutelimit\/\">En savoir plus <\/a><\/center><\/li>\n<li>une cotation d\u00e9limitation de la zone de recasement dans la ville de Selibaby<br \/>\n<center><a class=\"news-more-link\" href=\"http:\/\/iskan.gov.mr\/index.php\/delimitation-de-la-zone-de-recasement-de-la-ville-de-selibaby\/\">En savoir plus <\/a><\/center><\/li>\n<li>une cotation pour la fourniture de bureaux<br \/>\n<center><a class=\"news-more-link\" href=\"http:\/\/iskan.gov.mr\/index.php\/une-cotation-pour-fourniture-de-bureaux\/\">En savoir plus <\/a><\/center><\/li>\n<li>une cotation pour travaux de construction, fourniture et pose de grilles m\u00e9talliques de protection des v\u00e9randas \u00e9tage en tube en acier<center><a class=\"news-more-link\" href=\"http:\/\/iskan.gov.mr\/index.php\/travaux-de-construction-au-niveau-de-lecole-primaire-de-nbeika\/\">En savoir plus <\/a><\/center><\/li>\n<li>une cotation pour l&rsquo;acquisition des \u00e9quipements et fournitures n\u00e9cessaires \u00e0 l&rsquo;alimentation du hangar du center commercial dit \u00ab\u00a0March\u00e9 SOCOGIM\u00a0\u00bb et l&rsquo;\u00e9clairage public des zones limitrophes en \u00e9nergie solaire<center><a class=\"news-more-link\" href=\"http:\/\/iskan.gov.mr\/index.php\/fournitures-necessaires-a-lalimentation-du-hangar-du-center-commercia\/\">En savoir plus <\/a><\/center><\/li>\n<li>relancement de la cotation pour la s\u00e9lection d\u2019une entreprise devant assurer la r\u00e9alisation du reprofilage d\u2019un terrain d\u2019une surface de 1,7 hectares<center><a class=\"news-more-link\" href=\"http:\/\/iskan.gov.mr\/index.php\/2724-2\/\">En savoir plus <\/a><\/center><\/li>\n<li>une cotation pour la s\u00e9lection d\u2019une entreprise devant assurer la r\u00e9alisation du bornage,nettoyage et balisage dans la ville de N&rsquo;beika<center><a class=\"news-more-link\" href=\"http:\/\/iskan.gov.mr\/index.php\/nettoyagebornage-et-balisage-a-nbeika\/\">En savoir plus <\/a><\/center><\/li>\n<li>une cotation pour la s\u00e9lection d\u2019une entreprise devant assurer la r\u00e9alisation du reprofilage d\u2019un terrain d\u2019une surface de 1,7 hectares<center><a class=\"news-more-link\" href=\"http:\/\/iskan.gov.mr\/index.php\/reprofilage-dun-terrain-a-nbeika\/\">En savoir plus <\/a><\/center><\/li>\n<li>une cotation pour l\u2019acquisition d\u2019un bureau Ministre complet suivant les d\u00e9tails et caract\u00e9ristiques<center><a class=\"news-more-link\" href=\"http:\/\/iskan.gov.mr\/index.php\/une-cotation-pour-lacquisition-dun-bureau-ministre-complet\/\">En savoir plus <\/a><\/center><\/li>\n<li>une cotation pour la fourniture de mat\u00e9riels informatiques dont les d\u00e9tails et caract\u00e9ristiques<center><a class=\"news-more-link\" href=\"http:\/\/iskan.gov.mr\/index.php\/ordinateur-portable\/\">En savoir plus <\/a><\/center><\/li>\n<li>une cotation pour la fourniture de bureau dont les d\u00e9tails et caract\u00e9ristiques<center><a class=\"news-more-link\" href=\"http:\/\/iskan.gov.mr\/index.php\/la-fourniture-du-bureau\/\">En savoir plus <\/a><\/center><\/li>\n<li>une cotation pour r\u00e9aliser de traveaux \u00e0 la ville de N&rsquo;Beika<center><a class=\"news-more-link\" href=\"http:\/\/iskan.gov.mr\/index.php\/traveaux-dans-la-ville-de-nbeika\/\">En savoir plus <\/a><\/center><\/li>\n<li>Annulation de la cotation pour la construction d&rsquo;un portail d&rsquo;entr\u00e9e au niveau de lyc\u00e9e d&rsquo;excellence d&rsquo;Atar (WILAYA D\u2019ADRAR)<center><a class=\"news-more-link\" href=\"http:\/\/iskan.gov.mr\/index.php\/construction-a-atar\/\">En savoir plus <\/a><\/center><\/li>\n<\/ul>\n<p>ISKAN se r\u00e9serve le droit de refuser la livraison de mat\u00e9riel qui ne r\u00e9pond pas aux caract\u00e9ristiques demand\u00e9es sans encourir de ce fait une quelconque responsabilit\u00e9 vis-\u00e0-vis des soumissionnaires<\/p>\n<\/div>\n","protected":false},"excerpt":{"rendered":"<p>Demande de cotation pour la confection et implantation de 2250 bornes dans la zone de recasement de Selibaby En savoir plus Cotation pour l\u2019\u00e9largissement de 49 voies dans la ville de Selibaby En savoir plus Construction et Implantation de 1800 Bornes dans l\u2019extension de Zone de Recasement de la Ville de Selibaby En savoir plus &hellip; <\/p>\n<p class=\"link-more\"><a href=\"http:\/\/iskan.gov.mr\/index.php\/cotations\/\" class=\"more-link\">Continuer la lecture<span class=\"screen-reader-text\"> de &laquo;&nbsp;COTATIONS&nbsp;&raquo;<\/span><\/a><\/p>\n","protected":false},"author":1,"featured_media":0,"parent":0,"menu_order":0,"comment_status":"closed","ping_status":"closed","template":"","meta":[],"_links":{"self":[{"href":"http:\/\/iskan.gov.mr\/index.php\/wp-json\/wp\/v2\/pages\/553"}],"collection":[{"href":"http:\/\/iskan.gov.mr\/index.php\/wp-json\/wp\/v2\/pages"}],"about":[{"href":"http:\/\/iskan.gov.mr\/index.php\/wp-json\/wp\/v2\/types\/page"}],"author":[{"embeddable":true,"href":"http:\/\/iskan.gov.mr\/index.php\/wp-json\/wp\/v2\/users\/1"}],"replies":[{"embeddable":true,"href":"http:\/\/iskan.gov.mr\/index.php\/wp-json\/wp\/v2\/comments?post=553"}],"version-history":[{"count":52,"href":"http:\/\/iskan.gov.mr\/index.php\/wp-json\/wp\/v2\/pages\/553\/revisions"}],"predecessor-version":[{"id":4011,"href":"http:\/\/iskan.gov.mr\/index.php\/wp-json\/wp\/v2\/pages\/553\/revisions\/4011"}],"wp:attachment":[{"href":"http:\/\/iskan.gov.mr\/index.php\/wp-json\/wp\/v2\/media?parent=553"}],"curies":[{"name":"wp","href":"https:\/\/api.w.org\/{rel}","templated":true}]}}